{"id":3176,"date":"2026-04-24T08:59:59","date_gmt":"2026-04-24T08:59:59","guid":{"rendered":"https:\/\/highvideo.tv\/politica-de-cookies-2\/"},"modified":"2026-04-24T10:06:49","modified_gmt":"2026-04-24T10:06:49","slug":"politica-de-cookies-2","status":"publish","type":"page","link":"https:\/\/highvideo.tv\/es\/politica-de-cookies-2\/","title":{"rendered":"Pol\u00edtica de cookies"},"content":{"rendered":"<p>Esta p\u00e1gina ofrece informaci\u00f3n detallada sobre c\u00f3mo utilizamos las cookies en nuestro sitio web para mejorar su experiencia de navegaci\u00f3n, optimizar el rendimiento del sitio web y ofrecerle contenido personalizado. Las cookies son peque\u00f1os archivos de texto que se almacenan en su dispositivo cuando visita nuestro sitio web. Nos ayudan a comprender c\u00f3mo interact\u00faan los visitantes con nuestro sitio web, lo que nos permite ofrecer una experiencia de usuario m\u00e1s fluida y eficiente. En la tabla que figura a continuaci\u00f3n, encontrar\u00e1 informaci\u00f3n detallada sobre cada tipo de cookie que utilizamos, su finalidad y el tiempo que permanecen en su dispositivo. Nos comprometemos a respetar su privacidad y a ofrecer transparencia sobre los datos que recopilamos a trav\u00e9s de las cookies. Para obtener m\u00e1s informaci\u00f3n sobre c\u00f3mo tratamos sus datos personales, consulte nuestra <a href=\"\">Pol\u00edtica de privacidad<\/a>.     <\/p><div class=\"wpconsent-cookie-policy\"><h2 class=\"wpconsent-cookie-category-name\">Essentials<\/h2><p class=\"wpconsent-cookie-category-description\">Essential cookies enable basic functions and are necessary for the proper functioning of the website.<\/p><table class=\"wpconsent-cookie-policy-table\"><tr><th>Nombre<\/th><th>Descripci\u00f3n<\/th><th>Duraci\u00f3n<\/th><\/tr><tr><td>wpconsent_preferences<\/td><td>This cookie is used to store the user&#039;s cookie consent preferences.<\/td><td>30 days<\/td><\/tr><\/table><h3 class=\"wpconsent-cookie-service-name\">Comments<\/h3><p class=\"wpconsent-cookie-service-description\">These cookies are necessary to add comments on this website.<\/p><table class=\"wpconsent-cookie-policy-table\"><tr><th>Nombre<\/th><th>Descripci\u00f3n<\/th><th>Duraci\u00f3n<\/th><\/tr><tr><td>comment_author<\/td><td>Used to track the user across multiple sessions.<\/td><td>Session<\/td><\/tr><tr><td>comment_author_email<\/td><td>Used to track the user across multiple sessions.<\/td><td>Session<\/td><\/tr><tr><td>comment_author_url<\/td><td>Used to track the user across multiple sessions.<\/td><td>Session<\/td><\/tr><\/table><\/div>\n","protected":false},"excerpt":{"rendered":"<p>Esta p\u00e1gina ofrece informaci\u00f3n detallada sobre c\u00f3mo utilizamos las cookies en nuestro sitio web para mejorar su experiencia de navegaci\u00f3n, optimizar el rendimiento del sitio web y ofrecerle contenido personalizado. Las cookies son peque\u00f1os archivos de texto que se almacenan en su dispositivo cuando visita nuestro sitio web. Nos ayudan a comprender c\u00f3mo interact\u00faan los [&hellip;]<\/p>\n","protected":false},"author":1,"featured_media":0,"parent":0,"menu_order":0,"comment_status":"closed","ping_status":"closed","template":"","meta":{"_acf_changed":false,"footnotes":""},"class_list":["post-3176","page","type-page","status-publish","hentry"],"acf":[],"_links":{"self":[{"href":"https:\/\/highvideo.tv\/es\/wp-json\/wp\/v2\/pages\/3176","targetHints":{"allow":["GET"]}}],"collection":[{"href":"https:\/\/highvideo.tv\/es\/wp-json\/wp\/v2\/pages"}],"about":[{"href":"https:\/\/highvideo.tv\/es\/wp-json\/wp\/v2\/types\/page"}],"author":[{"embeddable":true,"href":"https:\/\/highvideo.tv\/es\/wp-json\/wp\/v2\/users\/1"}],"replies":[{"embeddable":true,"href":"https:\/\/highvideo.tv\/es\/wp-json\/wp\/v2\/comments?post=3176"}],"version-history":[{"count":1,"href":"https:\/\/highvideo.tv\/es\/wp-json\/wp\/v2\/pages\/3176\/revisions"}],"predecessor-version":[{"id":3177,"href":"https:\/\/highvideo.tv\/es\/wp-json\/wp\/v2\/pages\/3176\/revisions\/3177"}],"wp:attachment":[{"href":"https:\/\/highvideo.tv\/es\/wp-json\/wp\/v2\/media?parent=3176"}],"curies":[{"name":"wp","href":"https:\/\/api.w.org\/{rel}","templated":true}]}}