{"id":2910,"date":"2025-09-05T09:31:35","date_gmt":"2025-09-05T09:31:35","guid":{"rendered":"https:\/\/bake250.isdeveloping.com\/high\/politica-de-cookies\/"},"modified":"2026-04-22T09:14:19","modified_gmt":"2026-04-22T09:14:19","slug":"politica-de-cookies","status":"publish","type":"page","link":"https:\/\/highvideo.tv\/es\/politica-de-cookies\/","title":{"rendered":"Pol\u00edtica de cookies"},"content":{"rendered":"\t\t<div data-elementor-type=\"wp-page\" data-elementor-id=\"2910\" class=\"elementor elementor-2910 elementor-1419\" data-elementor-post-type=\"page\">\n\t\t\t\t<div class=\"elementor-element elementor-element-5374058 e-con-full e-flex e-con e-parent\" data-id=\"5374058\" data-element_type=\"container\" data-e-type=\"container\" data-settings=\"{&quot;background_background&quot;:&quot;classic&quot;}\">\n\t\t\t\t<\/div>\n\t\t<div class=\"elementor-element elementor-element-8a6354a e-flex e-con-boxed e-con e-parent\" data-id=\"8a6354a\" data-element_type=\"container\" data-e-type=\"container\">\n\t\t\t\t\t<div class=\"e-con-inner\">\n\t\t\t\t<div class=\"elementor-element elementor-element-264ac24 elementor-widget elementor-widget-heading\" data-id=\"264ac24\" data-element_type=\"widget\" data-e-type=\"widget\" data-widget_type=\"heading.default\">\n\t\t\t\t\t<h1 class=\"elementor-heading-title elementor-size-default\">Pol\u00edtica de cookies<\/h1>\t\t\t\t<\/div>\n\t\t\t\t\t<\/div>\n\t\t\t\t<\/div>\n\t\t<div class=\"elementor-element elementor-element-a27d926 e-flex e-con-boxed e-con e-parent\" data-id=\"a27d926\" data-element_type=\"container\" data-e-type=\"container\">\n\t\t\t\t\t<div class=\"e-con-inner\">\n\t\t\t\t<div class=\"elementor-element elementor-element-7e6decd elementor-widget elementor-widget-text-editor\" data-id=\"7e6decd\" data-element_type=\"widget\" data-e-type=\"widget\" data-widget_type=\"text-editor.default\">\n\t\t\t\t\t\t\t\t\t<h3>1. \u00bfQu\u00e9 son las cookies?<\/h3><p>Las cookies son peque\u00f1os archivos que se descargan en el dispositivo del usuario al acceder a determinadas p\u00e1ginas web. Permiten el funcionamiento t\u00e9cnico del sitio web, as\u00ed como entender c\u00f3mo los visitantes interact\u00faan con la web, para poder ofrecer una experiencia de usuario m\u00e1s fluida y eficiente. <\/p><p>Nos comprometemos a respetar su privacidad ya proporcionar transparencia sobre los datos que recogemos mediante las cookies. Para m\u00e1s informaci\u00f3n sobre c\u00f3mo tratamos sus datos personales, consulte nuestra <a href=\"https:\/\/highvideo.tv\/es\/politica-de-privacidad\/\">Pol\u00edtica de privacidad<\/a> . <\/p><h3>2. Tipo de cookies utilizadas<\/h3><p>En la siguiente tabla, encontrar\u00e1 informaci\u00f3n detallada sobre cada tipo de cookie que utilizamos, su finalidad y cu\u00e1nto tiempo permanecen en su dispositivo:<\/p><p><div class=\"wpconsent-cookie-policy\"><h2 class=\"wpconsent-cookie-category-name\">Essentials<\/h2><p class=\"wpconsent-cookie-category-description\">Essential cookies enable basic functions and are necessary for the proper functioning of the website.<\/p><table class=\"wpconsent-cookie-policy-table\"><tr><th>Nombre<\/th><th>Descripci\u00f3n<\/th><th>Duraci\u00f3n<\/th><\/tr><tr><td>wpconsent_preferences<\/td><td>This cookie is used to store the user&#039;s cookie consent preferences.<\/td><td>30 days<\/td><\/tr><\/table><h3 class=\"wpconsent-cookie-service-name\">Comments<\/h3><p class=\"wpconsent-cookie-service-description\">These cookies are necessary to add comments on this website.<\/p><table class=\"wpconsent-cookie-policy-table\"><tr><th>Nombre<\/th><th>Descripci\u00f3n<\/th><th>Duraci\u00f3n<\/th><\/tr><tr><td>comment_author<\/td><td>Used to track the user across multiple sessions.<\/td><td>Session<\/td><\/tr><tr><td>comment_author_email<\/td><td>Used to track the user across multiple sessions.<\/td><td>Session<\/td><\/tr><tr><td>comment_author_url<\/td><td>Used to track the user across multiple sessions.<\/td><td>Session<\/td><\/tr><\/table><\/div><\/p><p>Este sitio web <strong>no utiliza cookies anal\u00edticas, publicitarias ni de perfilado<\/strong> .<\/p><h3>3. Desactivaci\u00f3n de cookies<\/h3><p>El usuario puede configurar su navegador para bloquear o eliminar las cookies. Sin embargo, esto podr\u00eda afectar al correcto funcionamiento del sitio web. <\/p><h3>4. Responsable<\/h3><p>Titular: Producciones Highvideo SL<br> Email: <a href=\"mailto:info@highvideo.tv\" target=\"_blank\" rel=\"noopener\">info@highvideo.tv<\/a><\/p><p>\u00daltima actualizaci\u00f3n: 17\/03\/2026<\/p>\t\t\t\t\t\t\t\t<\/div>\n\t\t\t\t\t<\/div>\n\t\t\t\t<\/div>\n\t\t\t\t<\/div>\n\t\t","protected":false},"excerpt":{"rendered":"<p>Pol\u00edtica de cookies 1. \u00bfQu\u00e9 son las cookies? Las cookies son peque\u00f1os archivos que se descargan en el dispositivo del usuario al acceder a determinadas p\u00e1ginas web. Permiten el funcionamiento t\u00e9cnico del sitio web, as\u00ed como entender c\u00f3mo los visitantes interact\u00faan con la web, para poder ofrecer una experiencia de usuario m\u00e1s fluida y eficiente. [&hellip;]<\/p>\n","protected":false},"author":1,"featured_media":0,"parent":0,"menu_order":5,"comment_status":"closed","ping_status":"closed","template":"elementor_header_footer","meta":{"_acf_changed":false,"footnotes":""},"class_list":["post-2910","page","type-page","status-publish","hentry"],"acf":[],"_links":{"self":[{"href":"https:\/\/highvideo.tv\/es\/wp-json\/wp\/v2\/pages\/2910","targetHints":{"allow":["GET"]}}],"collection":[{"href":"https:\/\/highvideo.tv\/es\/wp-json\/wp\/v2\/pages"}],"about":[{"href":"https:\/\/highvideo.tv\/es\/wp-json\/wp\/v2\/types\/page"}],"author":[{"embeddable":true,"href":"https:\/\/highvideo.tv\/es\/wp-json\/wp\/v2\/users\/1"}],"replies":[{"embeddable":true,"href":"https:\/\/highvideo.tv\/es\/wp-json\/wp\/v2\/comments?post=2910"}],"version-history":[{"count":4,"href":"https:\/\/highvideo.tv\/es\/wp-json\/wp\/v2\/pages\/2910\/revisions"}],"predecessor-version":[{"id":3169,"href":"https:\/\/highvideo.tv\/es\/wp-json\/wp\/v2\/pages\/2910\/revisions\/3169"}],"wp:attachment":[{"href":"https:\/\/highvideo.tv\/es\/wp-json\/wp\/v2\/media?parent=2910"}],"curies":[{"name":"wp","href":"https:\/\/api.w.org\/{rel}","templated":true}]}}