{"id":2902,"date":"2025-09-05T09:31:46","date_gmt":"2025-09-05T09:31:46","guid":{"rendered":"https:\/\/bake250.isdeveloping.com\/high\/politica-de-privacidad\/"},"modified":"2025-11-04T10:40:16","modified_gmt":"2025-11-04T10:40:16","slug":"politica-de-privacidad","status":"publish","type":"page","link":"https:\/\/highvideo.tv\/es\/politica-de-privacidad\/","title":{"rendered":"Pol\u00edtica de Privacidad"},"content":{"rendered":"\t\t<div data-elementor-type=\"wp-page\" data-elementor-id=\"2902\" class=\"elementor elementor-2902 elementor-1421\" data-elementor-post-type=\"page\">\n\t\t\t\t<div class=\"elementor-element elementor-element-310889d e-con-full e-flex e-con e-parent\" data-id=\"310889d\" data-element_type=\"container\" data-e-type=\"container\" data-settings=\"{&quot;background_background&quot;:&quot;classic&quot;}\">\n\t\t\t\t<\/div>\n\t\t<div class=\"elementor-element elementor-element-0589740 e-flex e-con-boxed e-con e-parent\" data-id=\"0589740\" data-element_type=\"container\" data-e-type=\"container\">\n\t\t\t\t\t<div class=\"e-con-inner\">\n\t\t\t\t<div class=\"elementor-element elementor-element-870e136 elementor-widget elementor-widget-heading\" data-id=\"870e136\" data-element_type=\"widget\" data-e-type=\"widget\" data-widget_type=\"heading.default\">\n\t\t\t\t\t<h1 class=\"elementor-heading-title elementor-size-default\">Pol\u00edtica de Privacidad<\/h1>\t\t\t\t<\/div>\n\t\t\t\t\t<\/div>\n\t\t\t\t<\/div>\n\t\t<div class=\"elementor-element elementor-element-b4ac726 e-flex e-con-boxed e-con e-parent\" data-id=\"b4ac726\" data-element_type=\"container\" data-e-type=\"container\">\n\t\t\t\t\t<div class=\"e-con-inner\">\n\t\t\t\t<div class=\"elementor-element elementor-element-c8185af elementor-widget elementor-widget-text-editor\" data-id=\"c8185af\" data-element_type=\"widget\" data-e-type=\"widget\" data-widget_type=\"text-editor.default\">\n\t\t\t\t\t\t\t\t\t<div class=\"row\">\n<div class=\"col col-xl-10 mx-auto\">\n<div class=\"paper\">\n<header class=\"text-center\">\n<div class=\"row\">\n<div class=\"col-xl-10 mx-auto\">\n<div class=\"paper\">\n<header class=\"text-center\"><\/header>\n<div>\n<h1><b>I. POL\u00cdTICA DE PRIVACIDAD Y PROTECCI\u00d3N DE DATOS<\/b><\/h1>\n<p><span style=\"font-weight: 400;\">Respetando lo establecido en la legislaci\u00f3n vigente, High Produccions Audiovisuals (en adelante, tambi\u00e9n el Sitio Web) se compromete a adoptar las medidas t\u00e9cnicas y organizativas necesarias, seg\u00fan el nivel de seguridad adecuado al riesgo de los datos recogidos.<\/span><\/p>\n<h2><b>Leyes que incorpora esta pol\u00edtica de privacidad<\/b><\/h2>\n<p><span style=\"font-weight: 400;\">Esta pol\u00edtica de privacidad est\u00e1 adaptada a la normativa espa\u00f1ola y europea vigente en materia de protecci\u00f3n de datos personales en internet. En concreto, cumple las siguientes normas: <\/span><\/p>\n<ul>\n<li style=\"font-weight: 400;\" aria-level=\"1\"><span style=\"font-weight: 400;\">El Reglamento (UE) 2016\/679 del Parlamento Europeo y del Consejo, de 27 de abril de 2016, relativo a la protecci\u00f3n de las personas f\u00edsicas en lo que respecta al tratamiento de datos personales y a la libre circulaci\u00f3n de estos datos (RGPD).<\/span><span style=\"font-weight: 400;\">\n<p><\/p><\/span><\/li>\n<li style=\"font-weight: 400;\" aria-level=\"1\"><span style=\"font-weight: 400;\">La Ley Org\u00e1nica 3\/2018, de 5 de diciembre, de Protecci\u00f3n de Datos Personales y garant\u00eda de los derechos digitales (LOPDGDD).<\/span><span style=\"font-weight: 400;\">\n<p><\/p><\/span><\/li>\n<li style=\"font-weight: 400;\" aria-level=\"1\"><span style=\"font-weight: 400;\">El Real Decreto 1720\/2007, de 21 de diciembre, por el que se aprueba el Reglamento de desarrollo de la Ley Org\u00e1nica 15\/1999, de 13 de diciembre, de Protecci\u00f3n de Datos de Car\u00e1cter Personal (RDLOPD).<\/span><span style=\"font-weight: 400;\">\n<p><\/p><\/span><\/li>\n<li style=\"font-weight: 400;\" aria-level=\"1\"><span style=\"font-weight: 400;\">La Ley 34\/2002, de 11 de julio, de Servicios de la Sociedad de la Informaci\u00f3n y de Comercio Electr\u00f3nico (LSSI-CE).<\/span><span style=\"font-weight: 400;\">\n<p><\/p><\/span><\/li>\n<\/ul>\n<h2><b>Identidad del responsable del tratamiento de datos personales<\/b><\/h2>\n<p>El responsable del tratamiento de los datos personales recogidos en High Produccions Audiovisuals es: Alberto Grau Ventura, con NIF 46628249G (en adelante, Responsable del tratamiento).<\/p>\n<p><span style=\"font-weight: 400;\">Sus datos de contacto son los siguientes:<\/span><\/p>\n<ul>\n<li style=\"font-weight: 400;\" aria-level=\"1\">Direcci\u00f3n: Av. de la Via Augusta, 15, 25, 08174 Sant Cugat del Vall\u00e8s, Barcelona<span style=\"font-weight: 400;\">\n<p><\/p><\/span><\/li>\n<li style=\"font-weight: 400;\" aria-level=\"1\">Tel\u00e9fono: +34 935 417 932<span style=\"font-weight: 400;\">\n<p><\/p><\/span><\/li>\n<li style=\"font-weight: 400;\" aria-level=\"1\">Correo electr\u00f3nico: info@highvideo.tv<span style=\"font-weight: 400;\">\n<p><\/p><\/span><\/li>\n<\/ul>\n<h2><b>Registro de datos de car\u00e1cter personal<\/b><\/h2>\n<p><span style=\"font-weight: 400;\">En cumplimiento de lo dispuesto en el RGPD y la LOPDGDD, le informamos que los datos personales recogidos por High Produccions Audiovisuals mediante los formularios habilitados en sus p\u00e1ginas ser\u00e1n incorporados y tratados en nuestros ficheros con la finalidad de facilitar, agilizar y cumplir los compromisos establecidos entre High Produccions Audiovisuals y el Usuario, o mantener la relaci\u00f3n que se pueda establecer en los formularios que \u00e9ste rellene, o bien para atender una solicitud o consulta.<\/span><\/p>\n<p><span style=\"font-weight: 400;\">De acuerdo con el RGPD y la LOPDGDD, salvo aplicaci\u00f3n de la excepci\u00f3n del art\u00edculo 30.5 del RGPD, se mantiene un registro de actividades de tratamiento especificando, seg\u00fan su finalidad, las actividades realizadas y las dem\u00e1s circunstancias establecidas en el RGPD.<br><\/span><\/p>\n<h2><b>Principios aplicables al tratamiento de datos personales<\/b><\/h2>\n<p><span style=\"font-weight: 400;\">El tratamiento de los datos personales del Usuario se someter\u00e1 a los principios establecidos en el art\u00edculo 5 del RGPD y en el art\u00edculo 4 y siguientes de la Ley Org\u00e1nica 3\/2018:<\/span><\/p>\n<ul>\n<li style=\"font-weight: 400;\" aria-level=\"1\">Principio de licitud, lealtad y transparencia: se requerir\u00e1 el consentimiento del Usuario previa informaci\u00f3n clara y transparente.<span style=\"font-weight: 400;\">\n<p><\/p><\/span><\/li>\n<li style=\"font-weight: 400;\" aria-level=\"1\">Principio de limitaci\u00f3n de la finalidad: los datos s\u00f3lo ser\u00e1n recogidos con fines determinados, expl\u00edcitos y leg\u00edtimos.<span style=\"font-weight: 400;\">\n<p><\/p><\/span><\/li>\n<li style=\"font-weight: 400;\" aria-level=\"1\">Principio de minimizaci\u00f3n de datos: solo se recoger\u00e1n los datos estrictamente necesarios.<span style=\"font-weight: 400;\">\n<p><\/p><\/span><\/li>\n<li style=\"font-weight: 400;\" aria-level=\"1\">Principio de exactitud: los datos ser\u00e1n exactos y estar\u00e1n actualizados.<span style=\"font-weight: 400;\">\n<p><\/p><\/span><\/li>\n<li style=\"font-weight: 400;\" aria-level=\"1\">Principio de limitaci\u00f3n del plazo de conservaci\u00f3n: los datos se conservar\u00e1n s\u00f3lo durante el tiempo necesario.<span style=\"font-weight: 400;\">\n<p><\/p><\/span><\/li>\n<li style=\"font-weight: 400;\" aria-level=\"1\">Principio de integridad y confidencialidad: los datos ser\u00e1n tratados de forma segura.<span style=\"font-weight: 400;\">\n<p><\/p><\/span><\/li>\n<li style=\"font-weight: 400;\" aria-level=\"1\">Principio de responsabilidad proactiva: el Responsable garantizar\u00e1 el cumplimiento de los principios anteriores.<span style=\"font-weight: 400;\">\n<p><\/p><\/span><\/li>\n<\/ul>\n<h2><b>Categor\u00edas de datos personales<\/b><\/h2>\n<p>Las categor\u00edas de datos tratadas por High Produccions Audiovisuals son \u00fanicamente datos identificativos. No se tratan categor\u00edas especiales de datos personales en el sentido del art\u00edculo 9 del RGPD.<\/p>\n<h2><b>Base legal para el tratamiento<\/b><\/h2>\n<p>La base legal para el tratamiento de los datos personales es el consentimiento. High Produccions Audiovisuals se compromete a obtener consentimiento expreso y verificable del Usuario para uno o varios fines espec\u00edficos.<\/p>\n<p><span style=\"font-weight: 400;\">El Usuario podr\u00e1 retirar el consentimiento en cualquier momento.<\/span><\/p>\n<h2><b>Finalidad del tratamiento<\/b><\/h2>\n<p><span style=\"font-weight: 400;\">Los datos personales se recogen y gestionan para facilitar, agilizar y cumplir los compromisos establecidos entre el Sitio Web y el Usuario, as\u00ed como para atender solicitudes o consultas.<\/span><\/p>\n<p><span style=\"font-weight: 400;\">Tambi\u00e9n podr\u00e1n emplearse con fines comerciales, estad\u00edsticos, de personalizaci\u00f3n, estudios de marketing y mejora de la calidad y navegaci\u00f3n del Sitio Web.<\/span><\/p>\n<h2><b>Periodos de conservaci\u00f3n<\/b><\/h2>\n<p><span style=\"font-weight: 400;\">Los datos personales se conservar\u00e1n \u00fanicamente durante el tiempo estrictamente necesario para los fines del tratamiento y, en todo caso, hasta que el Usuario solicite su supresi\u00f3n.<\/span><\/p>\n<h2><b>Destinatarios de los datos<\/b><\/h2>\n<p>Los datos personales del Usuario no se compartir\u00e1n con terceros salvo que se informe de ello en el momento de recogida.<br><\/p>\n<p><span style=\"font-weight: 400;\">En caso de transferencias internacionales, el Usuario ser\u00e1 informado debidamente.<\/span><\/p>\n<h2><b>Datos personales de menores<\/b><\/h2>\n<p><span style=\"font-weight: 400;\">S\u00f3lo los mayores de 14 a\u00f1os pueden otorgar legalmente su consentimiento para el tratamiento de datos por parte de High Produccions Audiovisuals. Para menores de 14 a\u00f1os ser\u00e1 necesario el consentimiento de padres o tutores. <\/span><\/p>\n<h2><b>Seguridad y confidencialidad<\/b><\/h2>\n<p><span style=\"font-weight: 400;\">High Produccions Audiovisuals se compromete a adoptar medidas t\u00e9cnicas y organizativas para garantizar la seguridad de los datos personales y evitar destrucci\u00f3n, p\u00e9rdida, alteraci\u00f3n o acceso no autorizado.<\/span><\/p>\n<p>El Sitio Web dispone de certificado SSL que asegura que la transmisi\u00f3n de datos es cifrada y segura.<\/p>\n<p><span style=\"font-weight: 400;\">No obstante, High Produccions Audiovisuals no puede garantizar la invulnerabilidad absoluta de internet y se compromete a comunicar sin dilaci\u00f3n indebida cualquier violaci\u00f3n de seguridad que suponga riesgo para los derechos y libertades de las personas f\u00edsicas.<\/span><\/p>\n<h2><b>Derechos del Usuario<\/b><\/h2>\n<p><span style=\"font-weight: 400;\">El Usuario podr\u00e1 ejercer ante el Responsable los derechos reconocidos por el RGPD y la LOPDGDD:<\/span><\/p>\n<ul>\n<li style=\"font-weight: 400;\" aria-level=\"1\"><b>Derecho de acceso<\/b><b>\n<\/b><p><b><\/b><\/p><\/li>\n<li style=\"font-weight: 400;\" aria-level=\"1\"><b>Derecho de rectificaci\u00f3n<\/b><b>\n<\/b><p><b><\/b><\/p><\/li>\n<li style=\"font-weight: 400;\" aria-level=\"1\"><b>Derecho de supresi\u00f3n (derecho al olvido)<\/b><b>\n<\/b><p><b><\/b><\/p><\/li>\n<li style=\"font-weight: 400;\" aria-level=\"1\"><b>Derecho a la limitaci\u00f3n del tratamiento<\/b><b>\n<\/b><p><b><\/b><\/p><\/li>\n<li style=\"font-weight: 400;\" aria-level=\"1\"><b>Derecho a la portabilidad<\/b><b>\n<\/b><p><b><\/b><\/p><\/li>\n<li style=\"font-weight: 400;\" aria-level=\"1\"><b>Derecho de oposici\u00f3n<\/b><b>\n<\/b><p><b><\/b><\/p><\/li>\n<li style=\"font-weight: 400;\" aria-level=\"1\"><b>Derecho a no ser objeto de decisiones automatizadas, incluida la elaboraci\u00f3n de perfiles<\/b><b>\n<\/b><p><b><\/b><\/p><\/li>\n<\/ul>\n<p><span style=\"font-weight: 400;\">Per exercir aquests drets, l\u2019Usuari haur\u00e0 de presentar una sol\u00b7licitud escrita amb la refer\u00e8ncia \u00abRGPD-https:\/\/highvideo.tv\/ca\/\u00bb, adjuntant:<\/span><\/p>\n<ul>\n<li style=\"font-weight: 400;\" aria-level=\"1\"><span style=\"font-weight: 400;\">Nombre y apellidos y copia del DNI (o documento equivalente)<\/span><span style=\"font-weight: 400;\">\n<p><\/p><\/span><\/li>\n<li style=\"font-weight: 400;\" aria-level=\"1\"><span style=\"font-weight: 400;\">Petici\u00f3n concreta del exercicio del derecho.<\/span><span style=\"font-weight: 400;\">\n<p><\/p><\/span><\/li>\n<li style=\"font-weight: 400;\" aria-level=\"1\"><span style=\"font-weight: 400;\">Direcci\u00f3n a efectos de notificaciones<\/span><span style=\"font-weight: 400;\">\n<p><\/p><\/span><\/li>\n<li style=\"font-weight: 400;\" aria-level=\"1\"><span style=\"font-weight: 400;\">Fecha y firma<\/span><span style=\"font-weight: 400;\">\n<p><\/p><\/span><\/li>\n<\/ul>\n<p><span style=\"font-weight: 400;\">La solicitud deber\u00e1 enviarse a:<\/span><\/p>\n<ul>\n<li style=\"font-weight: 400;\" aria-level=\"1\">Direcci\u00f3n postal: Av. de la Via Augusta, 15, 25, 08174 Sant Cugat del Vall\u00e8s, Barcelona<span style=\"font-weight: 400;\">\n<p><\/p><\/span><\/li>\n<li style=\"font-weight: 400;\" aria-level=\"1\">Correo electr\u00f3nico: info@highvideo.tv<span style=\"font-weight: 400;\">\n<p><\/p><\/span><\/li>\n<\/ul>\n<h2><b>Enlaces a webs de terceros<\/b><\/h2>\n<p><span style=\"font-weight: 400;\">El Sitio Web puede incluir enlaces a p\u00e1ginas de terceros con sus propias pol\u00edticas de privacidad.<\/span><\/p>\n<h2><b>Reclamaciones ante la autoridad de control<\/b><\/h2>\n<p><span style=\"font-weight: 400;\">Si el Usuario considera que se ha producido una infracci\u00f3n en el tratamiento de sus datos, tiene derecho a presentar una reclamaci\u00f3n ante la autoridad de control competente.<\/span><\/p>\n<p>En Espa\u00f1a: Agencia Espa\u00f1ola de Protecci\u00f3n de Datos <a href=\"https:\/\/www.aepd.es\/\">(https:\/\/www.aepd.es\/).<\/a><\/p>\n<h1><b>II. ACEPTACI\u00d3N Y CAMBIOS EN ESTA POL\u00cdTICA DE PRIVACIDAD <\/b><\/h1>\n<p><span style=\"font-weight: 400;\">Es necesario que el Usuario haya le\u00eddo y est\u00e9 de acuerdo con las condiciones de protecci\u00f3n de datos contenidas en esta Pol\u00edtica de Privacidad, as\u00ed como que acepte el tratamiento de sus datos personales para poder proceder a ello en la forma, plazos y finalidades indicadas.<\/span><\/p>\n<p><span style=\"font-weight: 400;\">El uso del Sitio Web implica la aceptaci\u00f3n de la Pol\u00edtica de Privacidad.<\/span><\/p>\n<p><span style=\"font-weight: 400;\">High Produccions Audiovisuals se reserva el derecho a modificar esta Pol\u00edtica de Privacidad por cambios legislativos, jurisprudenciales o doctrinales de la Agencia Espa\u00f1ola de Protecci\u00f3n de Datos.<\/span><\/p>\n<p>Esta Pol\u00edtica de Privacidad fue actualizada para adaptarse al Reglamento (UE) 2016\/679 y a la Ley Org\u00e1nica 3\/2018.<\/p>\n<p>Este documento de Pol\u00edtica de Privacidad web fue creado mediante un generador gratuito de plantillas de pol\u00edtica de privacidad online el d\u00eda 05\/09\/2025.<\/p>\n<h3>\n<\/h3>\n<\/div>\n<\/div>\n<\/div>\n<\/div>\n<\/header>\n<\/div>\n<\/div>\n<\/div>\t\t\t\t\t\t\t\t<\/div>\n\t\t\t\t\t<\/div>\n\t\t\t\t<\/div>\n\t\t\t\t<\/div>\n\t\t","protected":false},"excerpt":{"rendered":"<p>Pol\u00edtica de Privacidad I. POL\u00cdTICA DE PRIVACIDAD Y PROTECCI\u00d3N DE DATOS Respetando lo establecido en la legislaci\u00f3n vigente, High Produccions Audiovisuals (en adelante, tambi\u00e9n el Sitio Web) se compromete a adoptar las medidas t\u00e9cnicas y organizativas necesarias, seg\u00fan el nivel de seguridad adecuado al riesgo de los datos recogidos. Leyes que incorpora esta pol\u00edtica de [&hellip;]<\/p>\n","protected":false},"author":1,"featured_media":0,"parent":0,"menu_order":4,"comment_status":"closed","ping_status":"closed","template":"elementor_header_footer","meta":{"_acf_changed":false,"footnotes":""},"class_list":["post-2902","page","type-page","status-publish","hentry"],"acf":[],"_links":{"self":[{"href":"https:\/\/highvideo.tv\/es\/wp-json\/wp\/v2\/pages\/2902","targetHints":{"allow":["GET"]}}],"collection":[{"href":"https:\/\/highvideo.tv\/es\/wp-json\/wp\/v2\/pages"}],"about":[{"href":"https:\/\/highvideo.tv\/es\/wp-json\/wp\/v2\/types\/page"}],"author":[{"embeddable":true,"href":"https:\/\/highvideo.tv\/es\/wp-json\/wp\/v2\/users\/1"}],"replies":[{"embeddable":true,"href":"https:\/\/highvideo.tv\/es\/wp-json\/wp\/v2\/comments?post=2902"}],"version-history":[{"count":1,"href":"https:\/\/highvideo.tv\/es\/wp-json\/wp\/v2\/pages\/2902\/revisions"}],"predecessor-version":[{"id":2903,"href":"https:\/\/highvideo.tv\/es\/wp-json\/wp\/v2\/pages\/2902\/revisions\/2903"}],"wp:attachment":[{"href":"https:\/\/highvideo.tv\/es\/wp-json\/wp\/v2\/media?parent=2902"}],"curies":[{"name":"wp","href":"https:\/\/api.w.org\/{rel}","templated":true}]}}